{"id":288,"date":"2025-03-01T10:29:57","date_gmt":"2025-03-01T10:29:57","guid":{"rendered":"https:\/\/mundohalloween.com\/?page_id=288"},"modified":"2025-12-14T13:48:55","modified_gmt":"2025-12-14T13:48:55","slug":"historias","status":"publish","type":"page","link":"https:\/\/mundohalloween.com\/en\/historias\/","title":{"rendered":"Historias de Halloween"},"content":{"rendered":"<h3 class=\"wp-block-heading\"><strong>\u00a1Sum\u00e9rgete en el terror con nuestros cuentos de Halloween!<\/strong><\/h3>\n\n\n\n<p>Cuando cae la noche del <strong>31 de octubre<\/strong> y las sombras empiezan a alargarse, no hay mejor plan que sumergirse en un <strong>cuento de terror<\/strong> que haga que te estremezcas hasta los huesos. En nuestra web encontrar\u00e1s una selecci\u00f3n de <strong>relatos espeluznantes, historias de fantasmas y leyendas aterradoras<\/strong> para acompa\u00f1arte en la noche m\u00e1s oscura del a\u00f1o.<\/p>\n\n\n\n<p>Si eres amante de los <strong>cuentos cortos de Halloween<\/strong>, tenemos relatos que te har\u00e1n mirar por encima del hombro mientras lees. \u00bfPrefieres una historia m\u00e1s original? Descubre un <strong>cuento de Samhain<\/strong>, la festividad celta que inspir\u00f3 Halloween, o an\u00edmate con un <strong>cuento de un Halloween diferente<\/strong>, donde el miedo y la sorpresa se entremezclan de forma \u00fanica.<\/p>\n\n\n<ul class=\"wp-block-latest-posts__list wp-block-latest-posts\"><li><div class=\"wp-block-latest-posts__featured-image alignleft\"><a href=\"https:\/\/mundohalloween.com\/en\/historias\/cuento-calabazas\/\" aria-label=\"Cuento de calabazas de halloween\"><img width=\"150\" height=\"150\" data-src=\"https:\/\/mundohalloween.com\/wp-content\/uploads\/2025\/02\/Cuento-de-calabazas-de-Halloween-150x150.jpg\" class=\"attachment-thumbnail size-thumbnail wp-post-image lazyload\" alt=\"Cuento de calabazas de Halloween\" style=\"--smush-placeholder-width: 150px; --smush-placeholder-aspect-ratio: 150\/150;max-width:150px;max-height:150px;\" data-srcset=\"https:\/\/mundohalloween.com\/wp-content\/uploads\/2025\/02\/Cuento-de-calabazas-de-Halloween-150x150.jpg 150w, https:\/\/mundohalloween.com\/wp-content\/uploads\/2025\/02\/Cuento-de-calabazas-de-Halloween-300x300.jpg 300w, https:\/\/mundohalloween.com\/wp-content\/uploads\/2025\/02\/Cuento-de-calabazas-de-Halloween-768x768.jpg 768w, https:\/\/mundohalloween.com\/wp-content\/uploads\/2025\/02\/Cuento-de-calabazas-de-Halloween.jpg 850w\" data-sizes=\"auto, (max-width: 150px) 100vw, 150px\" decoding=\"async\" src=\"data:image\/svg+xml;base64,PHN2ZyB3aWR0aD0iMSIgaGVpZ2h0PSIxIiB4bWxucz0iaHR0cDovL3d3dy53My5vcmcvMjAwMC9zdmciPjwvc3ZnPg==\" \/><\/a><\/div><a class=\"wp-block-latest-posts__post-title\" href=\"https:\/\/mundohalloween.com\/en\/historias\/cuento-calabazas\/\">Cuento de calabazas de halloween<\/a><div class=\"wp-block-latest-posts__post-excerpt\">Las calabazas del granero maldito \ud83c\udf83 En Hollow Creek, cada Halloween tra\u00eda consigo la misma advertencia: \u00abNunca toques<\/div><\/li>\n<\/ul>\n\n\n<div style=\"height:7px\" aria-hidden=\"true\" class=\"wp-block-spacer\"><\/div>\n\n\n\n<p>Adem\u00e1s, contamos con una gran selecci\u00f3n de <strong>cuentos de Halloween online<\/strong>, ideales para leer desde la comodidad de tu hogar sin necesidad de descargar nada. Y si buscas algo m\u00e1s enfocado a los j\u00f3venes, te encantar\u00e1n nuestros <strong>cuentos de Halloween para adolescentes<\/strong>, llenos de misterio, terror y personajes inolvidables.<\/p>\n\n\n\n<p>\u00bfTe fascinan los monstruos? Explora nuestros <strong>cuentos de monstruos<\/strong>, donde criaturas espeluznantes cobran vida en cada p\u00e1gina. Y si eres un verdadero fan\u00e1tico del g\u00e9nero, sum\u00e9rgete en los <strong>mejores cuentos de terror<\/strong>, con tramas inquietantes que te har\u00e1n dudar de cada sombra en la habitaci\u00f3n.<\/p>\n\n\n\n<p>Desde relatos cl\u00e1sicos hasta narraciones modernas que te pondr\u00e1n los pelos de punta, aqu\u00ed encontrar\u00e1s el material perfecto para una noche inolvidable. <strong>Prep\u00e1rate para apagar las luces, encender una vela y dejarte envolver por el horror.<\/strong><\/p>\n\n\n\n<p>No importa si lees solo, con amigos o en una velada familiar. Lo importante es dejarse llevar por el miedo y la emoci\u00f3n de <strong>los mejores cuentos de Halloween<\/strong>. \u00bfTe atreves a sumergirte en nuestras historias?<\/p>\n\n\n\n<p>\u00a1No digas que no te advertimos! \ud83d\udc7b\ud83c\udf83<\/p>","protected":false},"excerpt":{"rendered":"<p>\u00a1Sum\u00e9rgete en el terror con nuestros cuentos de Halloween! Cuando cae la noche del 31 de octubre y<\/p>","protected":false},"author":2,"featured_media":0,"parent":0,"menu_order":0,"comment_status":"closed","ping_status":"closed","template":"","meta":{"footnotes":""},"class_list":["post-288","page","type-page","status-publish","hentry"],"_links":{"self":[{"href":"https:\/\/mundohalloween.com\/en\/wp-json\/wp\/v2\/pages\/288","targetHints":{"allow":["GET"]}}],"collection":[{"href":"https:\/\/mundohalloween.com\/en\/wp-json\/wp\/v2\/pages"}],"about":[{"href":"https:\/\/mundohalloween.com\/en\/wp-json\/wp\/v2\/types\/page"}],"author":[{"embeddable":true,"href":"https:\/\/mundohalloween.com\/en\/wp-json\/wp\/v2\/users\/2"}],"replies":[{"embeddable":true,"href":"https:\/\/mundohalloween.com\/en\/wp-json\/wp\/v2\/comments?post=288"}],"version-history":[{"count":3,"href":"https:\/\/mundohalloween.com\/en\/wp-json\/wp\/v2\/pages\/288\/revisions"}],"predecessor-version":[{"id":641,"href":"https:\/\/mundohalloween.com\/en\/wp-json\/wp\/v2\/pages\/288\/revisions\/641"}],"wp:attachment":[{"href":"https:\/\/mundohalloween.com\/en\/wp-json\/wp\/v2\/media?parent=288"}],"curies":[{"name":"wp","href":"https:\/\/api.w.org\/{rel}","templated":true}]}}