{"id":206,"date":"2025-02-02T10:31:26","date_gmt":"2025-02-02T10:31:26","guid":{"rendered":"https:\/\/mundohalloween.com\/?page_id=206"},"modified":"2025-02-02T10:31:27","modified_gmt":"2025-02-02T10:31:27","slug":"aviso-legal","status":"publish","type":"page","link":"https:\/\/mundohalloween.com\/en\/aviso-legal\/","title":{"rendered":"Aviso Legal"},"content":{"rendered":"<p>Este Aviso Legal est\u00e1 redactado para cumplir con la Ley 34\/2002, de Servicios de la Sociedad de la Informaci\u00f3n y del Comercio Electr\u00f3nico (LSSI-CE). Aqu\u00ed encontrar\u00e1s informaci\u00f3n sobre qui\u00e9n es el responsable de la web y c\u00f3mo puedes contactarnos.<\/p>\n\n\n\n<p>Informaci\u00f3n del responsable<br>El responsable de este sitio es Alberto P\u00e9rez Fern\u00e1ndez, con domicilio en Ronda de Don Bosco, Vigo, Galicia, Espa\u00f1a. Si necesitas contactar, puedes hacerlo a trav\u00e9s del correo electr\u00f3nico info@mundohalloween.com.<\/p>\n\n\n\n<p>Finalidad del sitio<br>mundohalloween.com es un blog dedicado a compartir contenido relacionado con la festividad de Halloween. Aqu\u00ed encontrar\u00e1s art\u00edculos sobre recetas, curiosidades, consejos y mucho m\u00e1s. Este sitio no ofrece productos o servicios a la venta ni realiza actividades comerciales.<\/p>\n\n\n\n<p>Uso adecuado del sitio web<br>Como usuario, te comprometes a utilizar este sitio de manera responsable y a respetar tanto los contenidos como los derechos de autor. Est\u00e1 prohibido realizar actividades il\u00edcitas o fraudulentas, copiar los contenidos sin permiso o utilizarlos con fines comerciales.<\/p>\n\n\n\n<p>Propiedad intelectual<br>Todo el contenido de mundohalloween.com es propiedad de Alberto P\u00e9rez Fern\u00e1ndez, salvo que se indique lo contrario. Esto incluye textos, im\u00e1genes y dise\u00f1o. Est\u00e1 prohibida su reproducci\u00f3n total o parcial sin una autorizaci\u00f3n expresa.<\/p>\n\n\n\n<p>Exoneraci\u00f3n de responsabilidad<br>Aunque intentamos que todo el contenido sea preciso y actualizado, no podemos garantizar que est\u00e9 libre de errores o que siempre est\u00e9 disponible. No nos hacemos responsables de los posibles da\u00f1os derivados del uso de este sitio.<\/p>","protected":false},"excerpt":{"rendered":"<p>Este Aviso Legal est\u00e1 redactado para cumplir con la Ley 34\/2002, de Servicios de la Sociedad de la<\/p>","protected":false},"author":1,"featured_media":0,"parent":0,"menu_order":0,"comment_status":"closed","ping_status":"closed","template":"","meta":{"footnotes":""},"class_list":["post-206","page","type-page","status-publish","hentry"],"_links":{"self":[{"href":"https:\/\/mundohalloween.com\/en\/wp-json\/wp\/v2\/pages\/206","targetHints":{"allow":["GET"]}}],"collection":[{"href":"https:\/\/mundohalloween.com\/en\/wp-json\/wp\/v2\/pages"}],"about":[{"href":"https:\/\/mundohalloween.com\/en\/wp-json\/wp\/v2\/types\/page"}],"author":[{"embeddable":true,"href":"https:\/\/mundohalloween.com\/en\/wp-json\/wp\/v2\/users\/1"}],"replies":[{"embeddable":true,"href":"https:\/\/mundohalloween.com\/en\/wp-json\/wp\/v2\/comments?post=206"}],"version-history":[{"count":1,"href":"https:\/\/mundohalloween.com\/en\/wp-json\/wp\/v2\/pages\/206\/revisions"}],"predecessor-version":[{"id":207,"href":"https:\/\/mundohalloween.com\/en\/wp-json\/wp\/v2\/pages\/206\/revisions\/207"}],"wp:attachment":[{"href":"https:\/\/mundohalloween.com\/en\/wp-json\/wp\/v2\/media?parent=206"}],"curies":[{"name":"wp","href":"https:\/\/api.w.org\/{rel}","templated":true}]}}