{"id":204,"date":"2025-02-02T10:30:45","date_gmt":"2025-02-02T10:30:45","guid":{"rendered":"https:\/\/mundohalloween.com\/?page_id=204"},"modified":"2025-02-02T10:30:47","modified_gmt":"2025-02-02T10:30:47","slug":"politica-cookies","status":"publish","type":"page","link":"https:\/\/mundohalloween.com\/en\/politica-cookies\/","title":{"rendered":"Pol\u00edtica de Cookies"},"content":{"rendered":"<p>En mundohalloween.com usamos cookies para que todo funcione correctamente y, sobre todo, para mejorar la experiencia de navegaci\u00f3n de nuestros usuarios. Aqu\u00ed te explicamos qu\u00e9 son las cookies, cu\u00e1les utilizamos y c\u00f3mo puedes gestionarlas.<\/p>\n\n\n\n<p>Qu\u00e9 son las cookies<br>Las cookies son peque\u00f1os archivos de texto que se descargan en tu dispositivo al visitar una p\u00e1gina web. Sirven para diferentes prop\u00f3sitos, como recordar tus preferencias o recopilar datos an\u00f3nimos sobre c\u00f3mo usas el sitio.<\/p>\n\n\n\n<p>Qu\u00e9 tipos de cookies usamos<br>En nuestro blog utilizamos principalmente dos tipos de cookies:<\/p>\n\n\n\n<p>Cookies t\u00e9cnicas: Estas son las esenciales para que el sitio funcione. Sin ellas, no ser\u00eda posible navegar correctamente por la web.<br>Cookies anal\u00edticas: A trav\u00e9s de herramientas como Google Analytics, utilizamos cookies para entender qu\u00e9 contenido es m\u00e1s interesante para los visitantes y c\u00f3mo interact\u00faan con el blog. Esto incluye datos como las p\u00e1ginas m\u00e1s visitadas, el tiempo que pasas en el sitio y desde qu\u00e9 dispositivo accedes.<\/p>\n\n\n\n<p><br>C\u00f3mo gestionar tus cookies<br>Al entrar en nuestra web, te damos la opci\u00f3n de aceptar o rechazar las cookies no esenciales mediante un aviso. Adem\u00e1s, puedes configurar o eliminar las cookies desde los ajustes de tu navegador en cualquier momento.<\/p>","protected":false},"excerpt":{"rendered":"<p>En mundohalloween.com usamos cookies para que todo funcione correctamente y, sobre todo, para mejorar la experiencia de navegaci\u00f3n<\/p>","protected":false},"author":1,"featured_media":0,"parent":0,"menu_order":0,"comment_status":"closed","ping_status":"closed","template":"","meta":{"footnotes":""},"class_list":["post-204","page","type-page","status-publish","hentry"],"_links":{"self":[{"href":"https:\/\/mundohalloween.com\/en\/wp-json\/wp\/v2\/pages\/204","targetHints":{"allow":["GET"]}}],"collection":[{"href":"https:\/\/mundohalloween.com\/en\/wp-json\/wp\/v2\/pages"}],"about":[{"href":"https:\/\/mundohalloween.com\/en\/wp-json\/wp\/v2\/types\/page"}],"author":[{"embeddable":true,"href":"https:\/\/mundohalloween.com\/en\/wp-json\/wp\/v2\/users\/1"}],"replies":[{"embeddable":true,"href":"https:\/\/mundohalloween.com\/en\/wp-json\/wp\/v2\/comments?post=204"}],"version-history":[{"count":1,"href":"https:\/\/mundohalloween.com\/en\/wp-json\/wp\/v2\/pages\/204\/revisions"}],"predecessor-version":[{"id":205,"href":"https:\/\/mundohalloween.com\/en\/wp-json\/wp\/v2\/pages\/204\/revisions\/205"}],"wp:attachment":[{"href":"https:\/\/mundohalloween.com\/en\/wp-json\/wp\/v2\/media?parent=204"}],"curies":[{"name":"wp","href":"https:\/\/api.w.org\/{rel}","templated":true}]}}