{"id":14,"date":"2025-01-11T11:31:52","date_gmt":"2025-01-11T11:31:52","guid":{"rendered":"https:\/\/mundohalloween.com\/?page_id=14"},"modified":"2026-02-07T12:24:27","modified_gmt":"2026-02-07T12:24:27","slug":"curiosidades","status":"publish","type":"page","link":"https:\/\/mundohalloween.com\/en\/curiosidades\/","title":{"rendered":"Curiosidades sobre Halloween"},"content":{"rendered":"<p>\u00a1Toda la informaci\u00f3n que necesitas sobre esta popular festividad!<\/p>\n\n\n\n<p><\/p>\n\n\n<ul class=\"wp-block-latest-posts__list wp-block-latest-posts\"><li><div class=\"wp-block-latest-posts__featured-image alignleft\"><a href=\"https:\/\/mundohalloween.com\/en\/curiosidades\/celebracion-halloween-monjas\/\" aria-label=\"\u00bfLas monjas celebran Halloween? Qu\u00e9 hacen realmente el 31 de octubre\"><img width=\"150\" height=\"150\" data-src=\"https:\/\/mundohalloween.com\/wp-content\/uploads\/2025\/07\/Las-monjas-celebran-Halloween-150x150.jpg\" class=\"attachment-thumbnail size-thumbnail wp-post-image lazyload\" alt=\"Las monjas celebran Halloween\" style=\"--smush-placeholder-width: 150px; --smush-placeholder-aspect-ratio: 150\/150;max-width:150px;max-height:150px;\" decoding=\"async\" src=\"data:image\/svg+xml;base64,PHN2ZyB3aWR0aD0iMSIgaGVpZ2h0PSIxIiB4bWxucz0iaHR0cDovL3d3dy53My5vcmcvMjAwMC9zdmciPjwvc3ZnPg==\" \/><\/a><\/div><a class=\"wp-block-latest-posts__post-title\" href=\"https:\/\/mundohalloween.com\/en\/curiosidades\/celebracion-halloween-monjas\/\">\u00bfLas monjas celebran Halloween? Qu\u00e9 hacen realmente el 31 de octubre<\/a><\/li>\n<li><div class=\"wp-block-latest-posts__featured-image alignleft\"><a href=\"https:\/\/mundohalloween.com\/en\/curiosidades\/halloween-escocia\/\" aria-label=\"\u00a1As\u00ed se celebra Halloween en Escocia!\"><img width=\"150\" height=\"150\" data-src=\"https:\/\/mundohalloween.com\/wp-content\/uploads\/2025\/07\/Halloween-en-Escocia-150x150.jpg\" class=\"attachment-thumbnail size-thumbnail wp-post-image lazyload\" alt=\"Halloween en Escocia\" style=\"--smush-placeholder-width: 150px; --smush-placeholder-aspect-ratio: 150\/150;max-width:150px;max-height:150px;\" decoding=\"async\" src=\"data:image\/svg+xml;base64,PHN2ZyB3aWR0aD0iMSIgaGVpZ2h0PSIxIiB4bWxucz0iaHR0cDovL3d3dy53My5vcmcvMjAwMC9zdmciPjwvc3ZnPg==\" \/><\/a><\/div><a class=\"wp-block-latest-posts__post-title\" href=\"https:\/\/mundohalloween.com\/en\/curiosidades\/halloween-escocia\/\">\u00a1As\u00ed se celebra Halloween en Escocia!<\/a><\/li>\n<li><div class=\"wp-block-latest-posts__featured-image alignleft\"><a href=\"https:\/\/mundohalloween.com\/en\/curiosidades\/halloween-alemania\/\" aria-label=\"Halloween en Alemania: tradiciones, fiestas y sustos a la alemana\"><img width=\"150\" height=\"150\" data-src=\"https:\/\/mundohalloween.com\/wp-content\/uploads\/2025\/02\/halloween-en-Alemania-150x150.jpg\" class=\"attachment-thumbnail size-thumbnail wp-post-image lazyload\" alt=\"halloween en Alemania\" style=\"--smush-placeholder-width: 150px; --smush-placeholder-aspect-ratio: 150\/150;max-width:150px;max-height:150px;\" data-srcset=\"https:\/\/mundohalloween.com\/wp-content\/uploads\/2025\/02\/halloween-en-Alemania-150x150.jpg 150w, https:\/\/mundohalloween.com\/wp-content\/uploads\/2025\/02\/halloween-en-Alemania-300x300.jpg 300w, https:\/\/mundohalloween.com\/wp-content\/uploads\/2025\/02\/halloween-en-Alemania-768x768.jpg 768w, https:\/\/mundohalloween.com\/wp-content\/uploads\/2025\/02\/halloween-en-Alemania.jpg 850w\" data-sizes=\"auto, (max-width: 150px) 100vw, 150px\" decoding=\"async\" src=\"data:image\/svg+xml;base64,PHN2ZyB3aWR0aD0iMSIgaGVpZ2h0PSIxIiB4bWxucz0iaHR0cDovL3d3dy53My5vcmcvMjAwMC9zdmciPjwvc3ZnPg==\" \/><\/a><\/div><a class=\"wp-block-latest-posts__post-title\" href=\"https:\/\/mundohalloween.com\/en\/curiosidades\/halloween-alemania\/\">Halloween en Alemania: tradiciones, fiestas y sustos a la alemana<\/a><\/li>\n<li><div class=\"wp-block-latest-posts__featured-image alignleft\"><a href=\"https:\/\/mundohalloween.com\/en\/curiosidades\/peliculas-mas-largas\/\" aria-label=\"Las pel\u00edculas de terror m\u00e1s largas de la historia: un marat\u00f3n de puro miedo\"><img width=\"150\" height=\"150\" data-src=\"https:\/\/mundohalloween.com\/wp-content\/uploads\/2025\/02\/peliculas-de-terror-mas-largas-de-la-historia-150x150.jpg\" class=\"attachment-thumbnail size-thumbnail wp-post-image lazyload\" alt=\"peliculas de terror mas largas de la historia\" style=\"--smush-placeholder-width: 150px; --smush-placeholder-aspect-ratio: 150\/150;max-width:150px;max-height:150px;\" data-srcset=\"https:\/\/mundohalloween.com\/wp-content\/uploads\/2025\/02\/peliculas-de-terror-mas-largas-de-la-historia-150x150.jpg 150w, https:\/\/mundohalloween.com\/wp-content\/uploads\/2025\/02\/peliculas-de-terror-mas-largas-de-la-historia-300x300.jpg 300w, https:\/\/mundohalloween.com\/wp-content\/uploads\/2025\/02\/peliculas-de-terror-mas-largas-de-la-historia-768x768.jpg 768w, https:\/\/mundohalloween.com\/wp-content\/uploads\/2025\/02\/peliculas-de-terror-mas-largas-de-la-historia.jpg 850w\" data-sizes=\"auto, (max-width: 150px) 100vw, 150px\" decoding=\"async\" src=\"data:image\/svg+xml;base64,PHN2ZyB3aWR0aD0iMSIgaGVpZ2h0PSIxIiB4bWxucz0iaHR0cDovL3d3dy53My5vcmcvMjAwMC9zdmciPjwvc3ZnPg==\" \/><\/a><\/div><a class=\"wp-block-latest-posts__post-title\" href=\"https:\/\/mundohalloween.com\/en\/curiosidades\/peliculas-mas-largas\/\">Las pel\u00edculas de terror m\u00e1s largas de la historia: un marat\u00f3n de puro miedo<\/a><\/li>\n<li><div class=\"wp-block-latest-posts__featured-image alignleft\"><a href=\"https:\/\/mundohalloween.com\/en\/curiosidades\/halloween-marruecos\/\" aria-label=\"\u00bfC\u00f3mo se celebra el Halloween en Marruecos? Descubre la fiesta de Boujloud\"><img width=\"150\" height=\"150\" data-src=\"https:\/\/mundohalloween.com\/wp-content\/uploads\/2025\/03\/halloween-en-Marruecos-150x150.jpg\" class=\"attachment-thumbnail size-thumbnail wp-post-image lazyload\" alt=\"halloween en Marruecos\" style=\"--smush-placeholder-width: 150px; --smush-placeholder-aspect-ratio: 150\/150;max-width:150px;max-height:150px;\" data-srcset=\"https:\/\/mundohalloween.com\/wp-content\/uploads\/2025\/03\/halloween-en-Marruecos-150x150.jpg 150w, https:\/\/mundohalloween.com\/wp-content\/uploads\/2025\/03\/halloween-en-Marruecos-300x300.jpg 300w, https:\/\/mundohalloween.com\/wp-content\/uploads\/2025\/03\/halloween-en-Marruecos-768x768.jpg 768w, https:\/\/mundohalloween.com\/wp-content\/uploads\/2025\/03\/halloween-en-Marruecos.jpg 850w\" data-sizes=\"auto, (max-width: 150px) 100vw, 150px\" decoding=\"async\" src=\"data:image\/svg+xml;base64,PHN2ZyB3aWR0aD0iMSIgaGVpZ2h0PSIxIiB4bWxucz0iaHR0cDovL3d3dy53My5vcmcvMjAwMC9zdmciPjwvc3ZnPg==\" \/><\/a><\/div><a class=\"wp-block-latest-posts__post-title\" href=\"https:\/\/mundohalloween.com\/en\/curiosidades\/halloween-marruecos\/\">\u00bfC\u00f3mo se celebra el Halloween en Marruecos? Descubre la fiesta de Boujloud<\/a><\/li>\n<li><div class=\"wp-block-latest-posts__featured-image alignleft\"><a href=\"https:\/\/mundohalloween.com\/en\/curiosidades\/halloween-australia\/\" aria-label=\"\u00bfEs popular Halloween en Australia y Nueva Zelanda o sigue siendo desconocido?\"><img width=\"150\" height=\"150\" data-src=\"https:\/\/mundohalloween.com\/wp-content\/uploads\/2025\/03\/halloween-en-australia-150x150.jpg\" class=\"attachment-thumbnail size-thumbnail wp-post-image lazyload\" alt=\"halloween en australia\" style=\"--smush-placeholder-width: 150px; --smush-placeholder-aspect-ratio: 150\/150;max-width:150px;max-height:150px;\" data-srcset=\"https:\/\/mundohalloween.com\/wp-content\/uploads\/2025\/03\/halloween-en-australia-150x150.jpg 150w, https:\/\/mundohalloween.com\/wp-content\/uploads\/2025\/03\/halloween-en-australia-300x300.jpg 300w, https:\/\/mundohalloween.com\/wp-content\/uploads\/2025\/03\/halloween-en-australia-768x768.jpg 768w, https:\/\/mundohalloween.com\/wp-content\/uploads\/2025\/03\/halloween-en-australia.jpg 850w\" data-sizes=\"auto, (max-width: 150px) 100vw, 150px\" decoding=\"async\" src=\"data:image\/svg+xml;base64,PHN2ZyB3aWR0aD0iMSIgaGVpZ2h0PSIxIiB4bWxucz0iaHR0cDovL3d3dy53My5vcmcvMjAwMC9zdmciPjwvc3ZnPg==\" \/><\/a><\/div><a class=\"wp-block-latest-posts__post-title\" href=\"https:\/\/mundohalloween.com\/en\/curiosidades\/halloween-australia\/\">\u00bfEs popular Halloween en Australia y Nueva Zelanda o sigue siendo desconocido?<\/a><\/li>\n<li><div class=\"wp-block-latest-posts__featured-image alignleft\"><a href=\"https:\/\/mundohalloween.com\/en\/curiosidades\/cementerios-terrorificos\/\" aria-label=\"Los cementerios m\u00e1s terror\u00edficos del mundo para visitar en Halloween\"><img width=\"150\" height=\"150\" data-src=\"https:\/\/mundohalloween.com\/wp-content\/uploads\/2025\/08\/los-cementerios-mas-terrorificos-150x150.jpg\" class=\"attachment-thumbnail size-thumbnail wp-post-image lazyload\" alt=\"los cementerios mas terrorificos\" style=\"--smush-placeholder-width: 150px; --smush-placeholder-aspect-ratio: 150\/150;max-width:150px;max-height:150px;\" data-srcset=\"https:\/\/mundohalloween.com\/wp-content\/uploads\/2025\/08\/los-cementerios-mas-terrorificos-150x150.jpg 150w, https:\/\/mundohalloween.com\/wp-content\/uploads\/2025\/08\/los-cementerios-mas-terrorificos-300x300.jpg 300w, https:\/\/mundohalloween.com\/wp-content\/uploads\/2025\/08\/los-cementerios-mas-terrorificos.jpg 680w\" data-sizes=\"auto, (max-width: 150px) 100vw, 150px\" decoding=\"async\" src=\"data:image\/svg+xml;base64,PHN2ZyB3aWR0aD0iMSIgaGVpZ2h0PSIxIiB4bWxucz0iaHR0cDovL3d3dy53My5vcmcvMjAwMC9zdmciPjwvc3ZnPg==\" \/><\/a><\/div><a class=\"wp-block-latest-posts__post-title\" href=\"https:\/\/mundohalloween.com\/en\/curiosidades\/cementerios-terrorificos\/\">Los cementerios m\u00e1s terror\u00edficos del mundo para visitar en Halloween<\/a><\/li>\n<li><div class=\"wp-block-latest-posts__featured-image alignleft\"><a href=\"https:\/\/mundohalloween.com\/en\/curiosidades\/casas-encantadas\/\" aria-label=\"Las 9 casas encantadas m\u00e1s aterradoras de Espa\u00f1a (y sus leyendas)\"><img width=\"150\" height=\"150\" data-src=\"https:\/\/mundohalloween.com\/wp-content\/uploads\/2025\/03\/casas-encantadas-de-Espana-1-150x150.jpg\" class=\"attachment-thumbnail size-thumbnail wp-post-image lazyload\" alt=\"casas encantadas de Espa\u00f1a\" style=\"--smush-placeholder-width: 150px; --smush-placeholder-aspect-ratio: 150\/150;max-width:150px;max-height:150px;\" data-srcset=\"https:\/\/mundohalloween.com\/wp-content\/uploads\/2025\/03\/casas-encantadas-de-Espana-1-150x150.jpg 150w, https:\/\/mundohalloween.com\/wp-content\/uploads\/2025\/03\/casas-encantadas-de-Espana-1-300x300.jpg 300w, https:\/\/mundohalloween.com\/wp-content\/uploads\/2025\/03\/casas-encantadas-de-Espana-1-768x768.jpg 768w, https:\/\/mundohalloween.com\/wp-content\/uploads\/2025\/03\/casas-encantadas-de-Espana-1.jpg 850w\" data-sizes=\"auto, (max-width: 150px) 100vw, 150px\" decoding=\"async\" src=\"data:image\/svg+xml;base64,PHN2ZyB3aWR0aD0iMSIgaGVpZ2h0PSIxIiB4bWxucz0iaHR0cDovL3d3dy53My5vcmcvMjAwMC9zdmciPjwvc3ZnPg==\" \/><\/a><\/div><a class=\"wp-block-latest-posts__post-title\" href=\"https:\/\/mundohalloween.com\/en\/curiosidades\/casas-encantadas\/\">Las 9 casas encantadas m\u00e1s aterradoras de Espa\u00f1a (y sus leyendas)<\/a><\/li>\n<li><div class=\"wp-block-latest-posts__featured-image alignleft\"><a href=\"https:\/\/mundohalloween.com\/en\/curiosidades\/dia-de-muertos-vs-halloween\/\" aria-label=\"D\u00eda de Muertos vs Halloween: diferencias, or\u00edgenes y fechas\"><img width=\"150\" height=\"150\" data-src=\"https:\/\/mundohalloween.com\/wp-content\/uploads\/2025\/11\/diferencia-entre-halloweeen-y-dia-de-los-muertos-150x150.png\" class=\"attachment-thumbnail size-thumbnail wp-post-image lazyload\" alt=\"diferencias entre halloween y dia de los muertos\" style=\"--smush-placeholder-width: 150px; --smush-placeholder-aspect-ratio: 150\/150;max-width:150px;max-height:150px;\" data-srcset=\"https:\/\/mundohalloween.com\/wp-content\/uploads\/2025\/11\/diferencia-entre-halloweeen-y-dia-de-los-muertos-150x150.png 150w, https:\/\/mundohalloween.com\/wp-content\/uploads\/2025\/11\/diferencia-entre-halloweeen-y-dia-de-los-muertos-300x300.png 300w, https:\/\/mundohalloween.com\/wp-content\/uploads\/2025\/11\/diferencia-entre-halloweeen-y-dia-de-los-muertos-768x768.png 768w, https:\/\/mundohalloween.com\/wp-content\/uploads\/2025\/11\/diferencia-entre-halloweeen-y-dia-de-los-muertos.png 1024w\" data-sizes=\"auto, (max-width: 150px) 100vw, 150px\" decoding=\"async\" src=\"data:image\/svg+xml;base64,PHN2ZyB3aWR0aD0iMSIgaGVpZ2h0PSIxIiB4bWxucz0iaHR0cDovL3d3dy53My5vcmcvMjAwMC9zdmciPjwvc3ZnPg==\" \/><\/a><\/div><a class=\"wp-block-latest-posts__post-title\" href=\"https:\/\/mundohalloween.com\/en\/curiosidades\/dia-de-muertos-vs-halloween\/\">D\u00eda de Muertos vs Halloween: diferencias, or\u00edgenes y fechas<\/a><\/li>\n<li><div class=\"wp-block-latest-posts__featured-image alignleft\"><a href=\"https:\/\/mundohalloween.com\/en\/curiosidades\/simbolos-de-halloween-y-su-significado\/\" aria-label=\"S\u00edmbolos de Halloween y su significado (gu\u00eda completa)\"><img width=\"150\" height=\"150\" data-src=\"https:\/\/mundohalloween.com\/wp-content\/uploads\/2025\/11\/simbolos-de-halloween-1-150x150.png\" class=\"attachment-thumbnail size-thumbnail wp-post-image lazyload\" alt=\"simbolos de halloween\" style=\"--smush-placeholder-width: 150px; --smush-placeholder-aspect-ratio: 150\/150;max-width:150px;max-height:150px;\" data-srcset=\"https:\/\/mundohalloween.com\/wp-content\/uploads\/2025\/11\/simbolos-de-halloween-1-150x150.png 150w, https:\/\/mundohalloween.com\/wp-content\/uploads\/2025\/11\/simbolos-de-halloween-1-300x300.png 300w, https:\/\/mundohalloween.com\/wp-content\/uploads\/2025\/11\/simbolos-de-halloween-1-768x768.png 768w, https:\/\/mundohalloween.com\/wp-content\/uploads\/2025\/11\/simbolos-de-halloween-1.png 955w\" data-sizes=\"auto, (max-width: 150px) 100vw, 150px\" decoding=\"async\" src=\"data:image\/svg+xml;base64,PHN2ZyB3aWR0aD0iMSIgaGVpZ2h0PSIxIiB4bWxucz0iaHR0cDovL3d3dy53My5vcmcvMjAwMC9zdmciPjwvc3ZnPg==\" \/><\/a><\/div><a class=\"wp-block-latest-posts__post-title\" href=\"https:\/\/mundohalloween.com\/en\/curiosidades\/simbolos-de-halloween-y-su-significado\/\">S\u00edmbolos de Halloween y su significado (gu\u00eda completa)<\/a><\/li>\n<li><div class=\"wp-block-latest-posts__featured-image alignleft\"><a href=\"https:\/\/mundohalloween.com\/en\/curiosidades\/rituales-halloween\/\" aria-label=\"Rituales en Halloween: Magia, Misterio y Tradici\u00f3n\"><img width=\"150\" height=\"150\" data-src=\"https:\/\/mundohalloween.com\/wp-content\/uploads\/2025\/02\/rituales-en-halloween-150x150.jpg\" class=\"attachment-thumbnail size-thumbnail wp-post-image lazyload\" alt=\"rituales en halloween\" style=\"--smush-placeholder-width: 150px; --smush-placeholder-aspect-ratio: 150\/150;max-width:150px;max-height:150px;\" data-srcset=\"https:\/\/mundohalloween.com\/wp-content\/uploads\/2025\/02\/rituales-en-halloween-150x150.jpg 150w, https:\/\/mundohalloween.com\/wp-content\/uploads\/2025\/02\/rituales-en-halloween-300x300.jpg 300w, https:\/\/mundohalloween.com\/wp-content\/uploads\/2025\/02\/rituales-en-halloween-768x768.jpg 768w, https:\/\/mundohalloween.com\/wp-content\/uploads\/2025\/02\/rituales-en-halloween.jpg 850w\" data-sizes=\"auto, (max-width: 150px) 100vw, 150px\" decoding=\"async\" src=\"data:image\/svg+xml;base64,PHN2ZyB3aWR0aD0iMSIgaGVpZ2h0PSIxIiB4bWxucz0iaHR0cDovL3d3dy53My5vcmcvMjAwMC9zdmciPjwvc3ZnPg==\" \/><\/a><\/div><a class=\"wp-block-latest-posts__post-title\" href=\"https:\/\/mundohalloween.com\/en\/curiosidades\/rituales-halloween\/\">Rituales en Halloween: Magia, Misterio y Tradici\u00f3n<\/a><\/li>\n<li><div class=\"wp-block-latest-posts__featured-image alignleft\"><a href=\"https:\/\/mundohalloween.com\/en\/curiosidades\/personajes-clasicos-halloween\/\" aria-label=\"Personajes cl\u00e1sicos de Halloween: los \u00edconos del terror que nunca pasan de moda\"><img width=\"150\" height=\"150\" data-src=\"https:\/\/mundohalloween.com\/wp-content\/uploads\/2025\/02\/perosnajes-famosos-de-halloween-150x150.jpg\" class=\"attachment-thumbnail size-thumbnail wp-post-image lazyload\" alt=\"personajes famosos de halloween\" style=\"--smush-placeholder-width: 150px; --smush-placeholder-aspect-ratio: 150\/150;max-width:150px;max-height:150px;\" data-srcset=\"https:\/\/mundohalloween.com\/wp-content\/uploads\/2025\/02\/perosnajes-famosos-de-halloween-150x150.jpg 150w, https:\/\/mundohalloween.com\/wp-content\/uploads\/2025\/02\/perosnajes-famosos-de-halloween-300x300.jpg 300w, https:\/\/mundohalloween.com\/wp-content\/uploads\/2025\/02\/perosnajes-famosos-de-halloween-768x768.jpg 768w, https:\/\/mundohalloween.com\/wp-content\/uploads\/2025\/02\/perosnajes-famosos-de-halloween.jpg 850w\" data-sizes=\"auto, (max-width: 150px) 100vw, 150px\" decoding=\"async\" src=\"data:image\/svg+xml;base64,PHN2ZyB3aWR0aD0iMSIgaGVpZ2h0PSIxIiB4bWxucz0iaHR0cDovL3d3dy53My5vcmcvMjAwMC9zdmciPjwvc3ZnPg==\" \/><\/a><\/div><a class=\"wp-block-latest-posts__post-title\" href=\"https:\/\/mundohalloween.com\/en\/curiosidades\/personajes-clasicos-halloween\/\">Personajes cl\u00e1sicos de Halloween: los \u00edconos del terror que nunca pasan de moda<\/a><\/li>\n<li><div class=\"wp-block-latest-posts__featured-image alignleft\"><a href=\"https:\/\/mundohalloween.com\/en\/curiosidades\/halloween-rusia\/\" aria-label=\"\u00bfSe celebra Halloween en Rusia o est\u00e1 prohibido?\"><img width=\"150\" height=\"150\" data-src=\"https:\/\/mundohalloween.com\/wp-content\/uploads\/2025\/03\/halloween-en-rusia-celebracion-150x150.jpg\" class=\"attachment-thumbnail size-thumbnail wp-post-image lazyload\" alt=\"halloween en rusia celebracion\" style=\"--smush-placeholder-width: 150px; --smush-placeholder-aspect-ratio: 150\/150;max-width:150px;max-height:150px;\" data-srcset=\"https:\/\/mundohalloween.com\/wp-content\/uploads\/2025\/03\/halloween-en-rusia-celebracion-150x150.jpg 150w, https:\/\/mundohalloween.com\/wp-content\/uploads\/2025\/03\/halloween-en-rusia-celebracion-300x300.jpg 300w, https:\/\/mundohalloween.com\/wp-content\/uploads\/2025\/03\/halloween-en-rusia-celebracion-768x768.jpg 768w, https:\/\/mundohalloween.com\/wp-content\/uploads\/2025\/03\/halloween-en-rusia-celebracion.jpg 850w\" data-sizes=\"auto, (max-width: 150px) 100vw, 150px\" decoding=\"async\" src=\"data:image\/svg+xml;base64,PHN2ZyB3aWR0aD0iMSIgaGVpZ2h0PSIxIiB4bWxucz0iaHR0cDovL3d3dy53My5vcmcvMjAwMC9zdmciPjwvc3ZnPg==\" \/><\/a><\/div><a class=\"wp-block-latest-posts__post-title\" href=\"https:\/\/mundohalloween.com\/en\/curiosidades\/halloween-rusia\/\">\u00bfSe celebra Halloween en Rusia o est\u00e1 prohibido?<\/a><\/li>\n<li><div class=\"wp-block-latest-posts__featured-image alignleft\"><a href=\"https:\/\/mundohalloween.com\/en\/curiosidades\/halloween-canada\/\" aria-label=\"\u00bfC\u00f3mo se celebra Halloween en Canad\u00e1?\"><img width=\"150\" height=\"150\" data-src=\"https:\/\/mundohalloween.com\/wp-content\/uploads\/2025\/07\/Halloween-en-Canada-150x150.jpg\" class=\"attachment-thumbnail size-thumbnail wp-post-image lazyload\" alt=\"Halloween en Canada\" style=\"--smush-placeholder-width: 150px; --smush-placeholder-aspect-ratio: 150\/150;max-width:150px;max-height:150px;\" decoding=\"async\" src=\"data:image\/svg+xml;base64,PHN2ZyB3aWR0aD0iMSIgaGVpZ2h0PSIxIiB4bWxucz0iaHR0cDovL3d3dy53My5vcmcvMjAwMC9zdmciPjwvc3ZnPg==\" \/><\/a><\/div><a class=\"wp-block-latest-posts__post-title\" href=\"https:\/\/mundohalloween.com\/en\/curiosidades\/halloween-canada\/\">\u00bfC\u00f3mo se celebra Halloween en Canad\u00e1?<\/a><\/li>\n<li><div class=\"wp-block-latest-posts__featured-image alignleft\"><a href=\"https:\/\/mundohalloween.com\/en\/curiosidades\/halloween-egipto\/\" aria-label=\"\u00bfC\u00f3mo se celebra Halloween en Egipto?\"><img width=\"150\" height=\"150\" data-src=\"https:\/\/mundohalloween.com\/wp-content\/uploads\/2025\/02\/celebracion-de-halloween-en-egipto-150x150.jpg\" class=\"attachment-thumbnail size-thumbnail wp-post-image lazyload\" alt=\"celebracion de halloween en egipto\" style=\"--smush-placeholder-width: 150px; --smush-placeholder-aspect-ratio: 150\/150;max-width:150px;max-height:150px;\" data-srcset=\"https:\/\/mundohalloween.com\/wp-content\/uploads\/2025\/02\/celebracion-de-halloween-en-egipto-150x150.jpg 150w, https:\/\/mundohalloween.com\/wp-content\/uploads\/2025\/02\/celebracion-de-halloween-en-egipto-300x300.jpg 300w, https:\/\/mundohalloween.com\/wp-content\/uploads\/2025\/02\/celebracion-de-halloween-en-egipto-768x768.jpg 768w, https:\/\/mundohalloween.com\/wp-content\/uploads\/2025\/02\/celebracion-de-halloween-en-egipto.jpg 850w\" data-sizes=\"auto, (max-width: 150px) 100vw, 150px\" decoding=\"async\" src=\"data:image\/svg+xml;base64,PHN2ZyB3aWR0aD0iMSIgaGVpZ2h0PSIxIiB4bWxucz0iaHR0cDovL3d3dy53My5vcmcvMjAwMC9zdmciPjwvc3ZnPg==\" \/><\/a><\/div><a class=\"wp-block-latest-posts__post-title\" href=\"https:\/\/mundohalloween.com\/en\/curiosidades\/halloween-egipto\/\">\u00bfC\u00f3mo se celebra Halloween en Egipto?<\/a><\/li>\n<li><div class=\"wp-block-latest-posts__featured-image alignleft\"><a href=\"https:\/\/mundohalloween.com\/en\/curiosidades\/celebracion-halloween-colombia\/\" aria-label=\"Halloween en Colombia: c\u00f3mo se celebra y por qu\u00e9 es tan popular\"><img width=\"150\" height=\"150\" data-src=\"https:\/\/mundohalloween.com\/wp-content\/uploads\/2026\/02\/Como-se-celebra-halloween-en-colombia-150x150.jpg\" class=\"attachment-thumbnail size-thumbnail wp-post-image lazyload\" alt=\"Como se celebra halloween en colombia\" style=\"--smush-placeholder-width: 150px; --smush-placeholder-aspect-ratio: 150\/150;max-width:150px;max-height:150px;\" decoding=\"async\" src=\"data:image\/svg+xml;base64,PHN2ZyB3aWR0aD0iMSIgaGVpZ2h0PSIxIiB4bWxucz0iaHR0cDovL3d3dy53My5vcmcvMjAwMC9zdmciPjwvc3ZnPg==\" \/><\/a><\/div><a class=\"wp-block-latest-posts__post-title\" href=\"https:\/\/mundohalloween.com\/en\/curiosidades\/celebracion-halloween-colombia\/\">Halloween en Colombia: c\u00f3mo se celebra y por qu\u00e9 es tan popular<\/a><\/li>\n<\/ul>\n\n\n<div style=\"height:10px\" aria-hidden=\"true\" class=\"wp-block-spacer\"><\/div>","protected":false},"excerpt":{"rendered":"<p>\u00a1Toda la informaci\u00f3n que necesitas sobre esta popular festividad!<\/p>","protected":false},"author":2,"featured_media":0,"parent":0,"menu_order":0,"comment_status":"closed","ping_status":"closed","template":"","meta":{"footnotes":""},"class_list":["post-14","page","type-page","status-publish","hentry"],"_links":{"self":[{"href":"https:\/\/mundohalloween.com\/en\/wp-json\/wp\/v2\/pages\/14","targetHints":{"allow":["GET"]}}],"collection":[{"href":"https:\/\/mundohalloween.com\/en\/wp-json\/wp\/v2\/pages"}],"about":[{"href":"https:\/\/mundohalloween.com\/en\/wp-json\/wp\/v2\/types\/page"}],"author":[{"embeddable":true,"href":"https:\/\/mundohalloween.com\/en\/wp-json\/wp\/v2\/users\/2"}],"replies":[{"embeddable":true,"href":"https:\/\/mundohalloween.com\/en\/wp-json\/wp\/v2\/comments?post=14"}],"version-history":[{"count":20,"href":"https:\/\/mundohalloween.com\/en\/wp-json\/wp\/v2\/pages\/14\/revisions"}],"predecessor-version":[{"id":877,"href":"https:\/\/mundohalloween.com\/en\/wp-json\/wp\/v2\/pages\/14\/revisions\/877"}],"wp:attachment":[{"href":"https:\/\/mundohalloween.com\/en\/wp-json\/wp\/v2\/media?parent=14"}],"curies":[{"name":"wp","href":"https:\/\/api.w.org\/{rel}","templated":true}]}}