{"id":11,"date":"2025-01-11T11:24:50","date_gmt":"2025-01-11T11:24:50","guid":{"rendered":"https:\/\/mundohalloween.com\/?page_id=11"},"modified":"2025-12-14T13:52:52","modified_gmt":"2025-12-14T13:52:52","slug":"recetas","status":"publish","type":"page","link":"https:\/\/mundohalloween.com\/en\/recetas\/","title":{"rendered":"Recetas para Halloween"},"content":{"rendered":"<p>Aqu\u00ed encontrar\u00e1s las recetas m\u00e1s deliciosas, espeluznantes y creativas para sorprender a todos, desde los m\u00e1s peque\u00f1os hasta los m\u00e1s valientes. <\/p>\n\n\n\n<p>Ya sea que busques postres terror\u00edficos, aperitivos monstruosos o bebidas embrujadas, tenemos opciones para todos los gustos y edades. \u00a1Atr\u00e9vete a descubrir nuestras recetas y convierte tu Halloween en una experiencia inolvidable y deliciosa! \ud83d\udd78\ufe0f\ud83d\udc7b<\/p>\n\n\n<ul class=\"wp-block-latest-posts__list wp-block-latest-posts\"><li><div class=\"wp-block-latest-posts__featured-image alignleft\"><a href=\"https:\/\/mundohalloween.com\/en\/recetas\/tarta\/tarta-calabaza-thermomix\/\" aria-label=\"Tarta de calabaza en Thermomix: \u00a1la estrella de Halloween!\"><img width=\"150\" height=\"150\" data-src=\"https:\/\/mundohalloween.com\/wp-content\/uploads\/2025\/01\/Tarta-calabaza-en-thermomix-1-150x150.jpeg\" class=\"attachment-thumbnail size-thumbnail wp-post-image lazyload\" alt=\"Tarta calabaza en thermomix\" style=\"--smush-placeholder-width: 150px; --smush-placeholder-aspect-ratio: 150\/150;max-width:150px;max-height:150px;\" data-srcset=\"https:\/\/mundohalloween.com\/wp-content\/uploads\/2025\/01\/Tarta-calabaza-en-thermomix-1-150x150.jpeg 150w, https:\/\/mundohalloween.com\/wp-content\/uploads\/2025\/01\/Tarta-calabaza-en-thermomix-1-300x300.jpeg 300w, https:\/\/mundohalloween.com\/wp-content\/uploads\/2025\/01\/Tarta-calabaza-en-thermomix-1-1024x1024.jpeg 1024w, https:\/\/mundohalloween.com\/wp-content\/uploads\/2025\/01\/Tarta-calabaza-en-thermomix-1-768x768.jpeg 768w, https:\/\/mundohalloween.com\/wp-content\/uploads\/2025\/01\/Tarta-calabaza-en-thermomix-1.jpeg 1235w\" data-sizes=\"auto, (max-width: 150px) 100vw, 150px\" decoding=\"async\" src=\"data:image\/svg+xml;base64,PHN2ZyB3aWR0aD0iMSIgaGVpZ2h0PSIxIiB4bWxucz0iaHR0cDovL3d3dy53My5vcmcvMjAwMC9zdmciPjwvc3ZnPg==\" \/><\/a><\/div><a class=\"wp-block-latest-posts__post-title\" href=\"https:\/\/mundohalloween.com\/en\/recetas\/tarta\/tarta-calabaza-thermomix\/\">Tarta de calabaza en Thermomix: \u00a1la estrella de Halloween!<\/a><\/li>\n<li><div class=\"wp-block-latest-posts__featured-image alignleft\"><a href=\"https:\/\/mundohalloween.com\/en\/recetas\/tarta\/tarta-cementerio\/\" aria-label=\"Tarta Cementerio de Halloween\"><img width=\"150\" height=\"150\" data-src=\"https:\/\/mundohalloween.com\/wp-content\/uploads\/2025\/01\/Tarta-Cementerio-de-Halloween-150x150.webp\" class=\"attachment-thumbnail size-thumbnail wp-post-image lazyload\" alt=\"Tarta Cementerio de Halloween\" style=\"--smush-placeholder-width: 150px; --smush-placeholder-aspect-ratio: 150\/150;max-width:150px;max-height:150px;\" data-srcset=\"https:\/\/mundohalloween.com\/wp-content\/uploads\/2025\/01\/Tarta-Cementerio-de-Halloween-150x150.webp 150w, https:\/\/mundohalloween.com\/wp-content\/uploads\/2025\/01\/Tarta-Cementerio-de-Halloween-300x300.webp 300w, https:\/\/mundohalloween.com\/wp-content\/uploads\/2025\/01\/Tarta-Cementerio-de-Halloween-768x768.webp 768w, https:\/\/mundohalloween.com\/wp-content\/uploads\/2025\/01\/Tarta-Cementerio-de-Halloween.webp 1024w\" data-sizes=\"auto, (max-width: 150px) 100vw, 150px\" decoding=\"async\" src=\"data:image\/svg+xml;base64,PHN2ZyB3aWR0aD0iMSIgaGVpZ2h0PSIxIiB4bWxucz0iaHR0cDovL3d3dy53My5vcmcvMjAwMC9zdmciPjwvc3ZnPg==\" \/><\/a><\/div><a class=\"wp-block-latest-posts__post-title\" href=\"https:\/\/mundohalloween.com\/en\/recetas\/tarta\/tarta-cementerio\/\">Tarta Cementerio de Halloween<\/a><\/li>\n<li><div class=\"wp-block-latest-posts__featured-image alignleft\"><a href=\"https:\/\/mundohalloween.com\/en\/recetas\/tarta\/pastel-jack-skellington\/\" aria-label=\"Tarta de Jack Skellington: El postre para Halloween\"><img width=\"150\" height=\"150\" data-src=\"https:\/\/mundohalloween.com\/wp-content\/uploads\/2025\/01\/Tarta-jack-skellington-150x150.jpg\" class=\"attachment-thumbnail size-thumbnail wp-post-image lazyload\" alt=\"Tarta de jack skellington\" style=\"--smush-placeholder-width: 150px; --smush-placeholder-aspect-ratio: 150\/150;max-width:150px;max-height:150px;\" decoding=\"async\" src=\"data:image\/svg+xml;base64,PHN2ZyB3aWR0aD0iMSIgaGVpZ2h0PSIxIiB4bWxucz0iaHR0cDovL3d3dy53My5vcmcvMjAwMC9zdmciPjwvc3ZnPg==\" \/><\/a><\/div><a class=\"wp-block-latest-posts__post-title\" href=\"https:\/\/mundohalloween.com\/en\/recetas\/tarta\/pastel-jack-skellington\/\">Tarta de Jack Skellington: El postre para Halloween<\/a><\/li>\n<li><div class=\"wp-block-latest-posts__featured-image alignleft\"><a href=\"https:\/\/mundohalloween.com\/en\/recetas\/tarta\/tarta-arana\/\" aria-label=\"Tarta de Ara\u00f1a Halloween: Dulcemente Espeluznante\"><img width=\"150\" height=\"150\" data-src=\"https:\/\/mundohalloween.com\/wp-content\/uploads\/2025\/01\/tarta-de-arana-Halloween-150x150.jpg\" class=\"attachment-thumbnail size-thumbnail wp-post-image lazyload\" alt=\"tarta de ara\u00f1a Halloween\" style=\"--smush-placeholder-width: 150px; --smush-placeholder-aspect-ratio: 150\/150;max-width:150px;max-height:150px;\" data-srcset=\"https:\/\/mundohalloween.com\/wp-content\/uploads\/2025\/01\/tarta-de-arana-Halloween-150x150.jpg 150w, https:\/\/mundohalloween.com\/wp-content\/uploads\/2025\/01\/tarta-de-arana-Halloween-300x300.jpg 300w, https:\/\/mundohalloween.com\/wp-content\/uploads\/2025\/01\/tarta-de-arana-Halloween-768x768.jpg 768w, https:\/\/mundohalloween.com\/wp-content\/uploads\/2025\/01\/tarta-de-arana-Halloween.jpg 900w\" data-sizes=\"auto, (max-width: 150px) 100vw, 150px\" decoding=\"async\" src=\"data:image\/svg+xml;base64,PHN2ZyB3aWR0aD0iMSIgaGVpZ2h0PSIxIiB4bWxucz0iaHR0cDovL3d3dy53My5vcmcvMjAwMC9zdmciPjwvc3ZnPg==\" \/><\/a><\/div><a class=\"wp-block-latest-posts__post-title\" href=\"https:\/\/mundohalloween.com\/en\/recetas\/tarta\/tarta-arana\/\">Tarta de Ara\u00f1a Halloween: Dulcemente Espeluznante<\/a><\/li>\n<li><div class=\"wp-block-latest-posts__featured-image alignleft\"><a href=\"https:\/\/mundohalloween.com\/en\/recetas\/tarta\/tarta-cerebro\/\" aria-label=\"Tarta de Cerebro para Halloween: \u00a1Dulcemente Terror\u00edfico!\"><img width=\"150\" height=\"150\" data-src=\"https:\/\/mundohalloween.com\/wp-content\/uploads\/2025\/01\/Tarta-de-cerebro-Halloween-150x150.jpg\" class=\"attachment-thumbnail size-thumbnail wp-post-image lazyload\" alt=\"Tarta de cerebro Halloween\" style=\"--smush-placeholder-width: 150px; --smush-placeholder-aspect-ratio: 150\/150;max-width:150px;max-height:150px;\" data-srcset=\"https:\/\/mundohalloween.com\/wp-content\/uploads\/2025\/01\/Tarta-de-cerebro-Halloween-150x150.jpg 150w, https:\/\/mundohalloween.com\/wp-content\/uploads\/2025\/01\/Tarta-de-cerebro-Halloween-300x300.jpg 300w, https:\/\/mundohalloween.com\/wp-content\/uploads\/2025\/01\/Tarta-de-cerebro-Halloween-768x768.jpg 768w, https:\/\/mundohalloween.com\/wp-content\/uploads\/2025\/01\/Tarta-de-cerebro-Halloween.jpg 819w\" data-sizes=\"auto, (max-width: 150px) 100vw, 150px\" decoding=\"async\" src=\"data:image\/svg+xml;base64,PHN2ZyB3aWR0aD0iMSIgaGVpZ2h0PSIxIiB4bWxucz0iaHR0cDovL3d3dy53My5vcmcvMjAwMC9zdmciPjwvc3ZnPg==\" \/><\/a><\/div><a class=\"wp-block-latest-posts__post-title\" href=\"https:\/\/mundohalloween.com\/en\/recetas\/tarta\/tarta-cerebro\/\">Tarta de Cerebro para Halloween: \u00a1Dulcemente Terror\u00edfico!<\/a><\/li>\n<li><div class=\"wp-block-latest-posts__featured-image alignleft\"><a href=\"https:\/\/mundohalloween.com\/en\/recetas\/galleta\/aranas-galleta-oreo\/\" aria-label=\"Ara\u00f1as de Galleta Oreo: \u00a1Diversi\u00f3n y Dulzura en Halloween!\"><img width=\"150\" height=\"150\" data-src=\"https:\/\/mundohalloween.com\/wp-content\/uploads\/2025\/01\/Aranas-con-galletas-Oreo-150x150.jpg\" class=\"attachment-thumbnail size-thumbnail wp-post-image lazyload\" alt=\"Ara\u00f1as con galletas Oreo\" style=\"--smush-placeholder-width: 150px; --smush-placeholder-aspect-ratio: 150\/150;max-width:150px;max-height:150px;\" data-srcset=\"https:\/\/mundohalloween.com\/wp-content\/uploads\/2025\/01\/Aranas-con-galletas-Oreo-150x150.jpg 150w, https:\/\/mundohalloween.com\/wp-content\/uploads\/2025\/01\/Aranas-con-galletas-Oreo-300x300.jpg 300w, https:\/\/mundohalloween.com\/wp-content\/uploads\/2025\/01\/Aranas-con-galletas-Oreo-768x768.jpg 768w, https:\/\/mundohalloween.com\/wp-content\/uploads\/2025\/01\/Aranas-con-galletas-Oreo.jpg 850w\" data-sizes=\"auto, (max-width: 150px) 100vw, 150px\" decoding=\"async\" src=\"data:image\/svg+xml;base64,PHN2ZyB3aWR0aD0iMSIgaGVpZ2h0PSIxIiB4bWxucz0iaHR0cDovL3d3dy53My5vcmcvMjAwMC9zdmciPjwvc3ZnPg==\" \/><\/a><\/div><a class=\"wp-block-latest-posts__post-title\" href=\"https:\/\/mundohalloween.com\/en\/recetas\/galleta\/aranas-galleta-oreo\/\">Ara\u00f1as de Galleta Oreo: \u00a1Diversi\u00f3n y Dulzura en Halloween!<\/a><\/li>\n<li><div class=\"wp-block-latest-posts__featured-image alignleft\"><a href=\"https:\/\/mundohalloween.com\/en\/recetas\/bizcocho\/bizcocho-zanahoria\/\" aria-label=\"Bizcocho de Zanahoria para Halloween\"><img width=\"150\" height=\"150\" data-src=\"https:\/\/mundohalloween.com\/wp-content\/uploads\/2025\/01\/Bizcocho-de-zanahoria-para-Halloween-150x150.jpg\" class=\"attachment-thumbnail size-thumbnail wp-post-image lazyload\" alt=\"Bizcocho de zanahoria para Halloween\" style=\"--smush-placeholder-width: 150px; --smush-placeholder-aspect-ratio: 150\/150;max-width:150px;max-height:150px;\" data-srcset=\"https:\/\/mundohalloween.com\/wp-content\/uploads\/2025\/01\/Bizcocho-de-zanahoria-para-Halloween-150x150.jpg 150w, https:\/\/mundohalloween.com\/wp-content\/uploads\/2025\/01\/Bizcocho-de-zanahoria-para-Halloween-300x300.jpg 300w, https:\/\/mundohalloween.com\/wp-content\/uploads\/2025\/01\/Bizcocho-de-zanahoria-para-Halloween-768x768.jpg 768w, https:\/\/mundohalloween.com\/wp-content\/uploads\/2025\/01\/Bizcocho-de-zanahoria-para-Halloween.jpg 850w\" data-sizes=\"auto, (max-width: 150px) 100vw, 150px\" decoding=\"async\" src=\"data:image\/svg+xml;base64,PHN2ZyB3aWR0aD0iMSIgaGVpZ2h0PSIxIiB4bWxucz0iaHR0cDovL3d3dy53My5vcmcvMjAwMC9zdmciPjwvc3ZnPg==\" \/><\/a><\/div><a class=\"wp-block-latest-posts__post-title\" href=\"https:\/\/mundohalloween.com\/en\/recetas\/bizcocho\/bizcocho-zanahoria\/\">Bizcocho de Zanahoria para Halloween<\/a><\/li>\n<li><div class=\"wp-block-latest-posts__featured-image alignleft\"><a href=\"https:\/\/mundohalloween.com\/en\/recetas\/galleta\/galletas-vampiro\/\" aria-label=\"Galletas de Vampiro: Una Delicia Terror\u00edficamente Divertida\"><img width=\"150\" height=\"150\" data-src=\"https:\/\/mundohalloween.com\/wp-content\/uploads\/2025\/01\/Galletas-de-vampiro-halloween-150x150.jpg\" class=\"attachment-thumbnail size-thumbnail wp-post-image lazyload\" alt=\"Galletas de vampiro halloween\" style=\"--smush-placeholder-width: 150px; --smush-placeholder-aspect-ratio: 150\/150;max-width:150px;max-height:150px;\" data-srcset=\"https:\/\/mundohalloween.com\/wp-content\/uploads\/2025\/01\/Galletas-de-vampiro-halloween-150x150.jpg 150w, https:\/\/mundohalloween.com\/wp-content\/uploads\/2025\/01\/Galletas-de-vampiro-halloween-300x300.jpg 300w, https:\/\/mundohalloween.com\/wp-content\/uploads\/2025\/01\/Galletas-de-vampiro-halloween-768x768.jpg 768w, https:\/\/mundohalloween.com\/wp-content\/uploads\/2025\/01\/Galletas-de-vampiro-halloween.jpg 850w\" data-sizes=\"auto, (max-width: 150px) 100vw, 150px\" decoding=\"async\" src=\"data:image\/svg+xml;base64,PHN2ZyB3aWR0aD0iMSIgaGVpZ2h0PSIxIiB4bWxucz0iaHR0cDovL3d3dy53My5vcmcvMjAwMC9zdmciPjwvc3ZnPg==\" \/><\/a><\/div><a class=\"wp-block-latest-posts__post-title\" href=\"https:\/\/mundohalloween.com\/en\/recetas\/galleta\/galletas-vampiro\/\">Galletas de Vampiro: Una Delicia Terror\u00edficamente Divertida<\/a><\/li>\n<li><div class=\"wp-block-latest-posts__featured-image alignleft\"><a href=\"https:\/\/mundohalloween.com\/en\/recetas\/cocteles\/coctel-halloween-sin-alcohol-una-explosion-de-sabor-espeluznante\/\" aria-label=\"C\u00f3ctel Halloween Sin Alcohol: Una Explosi\u00f3n de Sabor Espeluznante\"><img width=\"150\" height=\"150\" data-src=\"https:\/\/mundohalloween.com\/wp-content\/uploads\/2025\/01\/coctel-halloween-sin-alcohol-150x150.jpg\" class=\"attachment-thumbnail size-thumbnail wp-post-image lazyload\" alt=\"coctel halloween sin alcohol\" style=\"--smush-placeholder-width: 150px; --smush-placeholder-aspect-ratio: 150\/150;max-width:150px;max-height:150px;\" data-srcset=\"https:\/\/mundohalloween.com\/wp-content\/uploads\/2025\/01\/coctel-halloween-sin-alcohol-150x150.jpg 150w, https:\/\/mundohalloween.com\/wp-content\/uploads\/2025\/01\/coctel-halloween-sin-alcohol-300x300.jpg 300w, https:\/\/mundohalloween.com\/wp-content\/uploads\/2025\/01\/coctel-halloween-sin-alcohol-768x768.jpg 768w, https:\/\/mundohalloween.com\/wp-content\/uploads\/2025\/01\/coctel-halloween-sin-alcohol.jpg 850w\" data-sizes=\"auto, (max-width: 150px) 100vw, 150px\" decoding=\"async\" src=\"data:image\/svg+xml;base64,PHN2ZyB3aWR0aD0iMSIgaGVpZ2h0PSIxIiB4bWxucz0iaHR0cDovL3d3dy53My5vcmcvMjAwMC9zdmciPjwvc3ZnPg==\" \/><\/a><\/div><a class=\"wp-block-latest-posts__post-title\" href=\"https:\/\/mundohalloween.com\/en\/recetas\/cocteles\/coctel-halloween-sin-alcohol-una-explosion-de-sabor-espeluznante\/\">C\u00f3ctel Halloween Sin Alcohol: Una Explosi\u00f3n de Sabor Espeluznante<\/a><\/li>\n<li><div class=\"wp-block-latest-posts__featured-image alignleft\"><a href=\"https:\/\/mundohalloween.com\/en\/recetas\/galleta\/galletas-de-momia-un-postre-divertido-y-espeluznante-para-halloween\/\" aria-label=\"Galletas de Momia: Un Postre Divertido y Espeluznante para Halloween\"><img width=\"150\" height=\"150\" data-src=\"https:\/\/mundohalloween.com\/wp-content\/uploads\/2025\/01\/Galletas-de-momia-Halloween-150x150.jpg\" class=\"attachment-thumbnail size-thumbnail wp-post-image lazyload\" alt=\"Galletas de momia Halloween\" style=\"--smush-placeholder-width: 150px; --smush-placeholder-aspect-ratio: 150\/150;max-width:150px;max-height:150px;\" data-srcset=\"https:\/\/mundohalloween.com\/wp-content\/uploads\/2025\/01\/Galletas-de-momia-Halloween-150x150.jpg 150w, https:\/\/mundohalloween.com\/wp-content\/uploads\/2025\/01\/Galletas-de-momia-Halloween-300x300.jpg 300w, https:\/\/mundohalloween.com\/wp-content\/uploads\/2025\/01\/Galletas-de-momia-Halloween-768x768.jpg 768w, https:\/\/mundohalloween.com\/wp-content\/uploads\/2025\/01\/Galletas-de-momia-Halloween.jpg 850w\" data-sizes=\"auto, (max-width: 150px) 100vw, 150px\" decoding=\"async\" src=\"data:image\/svg+xml;base64,PHN2ZyB3aWR0aD0iMSIgaGVpZ2h0PSIxIiB4bWxucz0iaHR0cDovL3d3dy53My5vcmcvMjAwMC9zdmciPjwvc3ZnPg==\" \/><\/a><\/div><a class=\"wp-block-latest-posts__post-title\" href=\"https:\/\/mundohalloween.com\/en\/recetas\/galleta\/galletas-de-momia-un-postre-divertido-y-espeluznante-para-halloween\/\">Galletas de Momia: Un Postre Divertido y Espeluznante para Halloween<\/a><\/li>\n<li><div class=\"wp-block-latest-posts__featured-image alignleft\"><a href=\"https:\/\/mundohalloween.com\/en\/recetas\/magdalenas\/magdalenas-arana\/\" aria-label=\"Magdalenas de Ara\u00f1a para Halloween\"><img width=\"150\" height=\"150\" data-src=\"https:\/\/mundohalloween.com\/wp-content\/uploads\/2025\/01\/magdalena-de-arana-halloween-150x150.jpg\" class=\"attachment-thumbnail size-thumbnail wp-post-image lazyload\" alt=\"magdalena de ara\u00f1a halloween\" style=\"--smush-placeholder-width: 150px; --smush-placeholder-aspect-ratio: 150\/150;max-width:150px;max-height:150px;\" data-srcset=\"https:\/\/mundohalloween.com\/wp-content\/uploads\/2025\/01\/magdalena-de-arana-halloween-150x150.jpg 150w, https:\/\/mundohalloween.com\/wp-content\/uploads\/2025\/01\/magdalena-de-arana-halloween-300x300.jpg 300w, https:\/\/mundohalloween.com\/wp-content\/uploads\/2025\/01\/magdalena-de-arana-halloween-768x768.jpg 768w, https:\/\/mundohalloween.com\/wp-content\/uploads\/2025\/01\/magdalena-de-arana-halloween.jpg 850w\" data-sizes=\"auto, (max-width: 150px) 100vw, 150px\" decoding=\"async\" src=\"data:image\/svg+xml;base64,PHN2ZyB3aWR0aD0iMSIgaGVpZ2h0PSIxIiB4bWxucz0iaHR0cDovL3d3dy53My5vcmcvMjAwMC9zdmciPjwvc3ZnPg==\" \/><\/a><\/div><a class=\"wp-block-latest-posts__post-title\" href=\"https:\/\/mundohalloween.com\/en\/recetas\/magdalenas\/magdalenas-arana\/\">Magdalenas de Ara\u00f1a para Halloween<\/a><\/li>\n<li><div class=\"wp-block-latest-posts__featured-image alignleft\"><a href=\"https:\/\/mundohalloween.com\/en\/recetas\/magdalenas\/magdalena-fantasma\/\" aria-label=\"Cupcakes Fantasma para Halloween: \u00a1Terror\u00edficamente Deliciosos!\"><img width=\"150\" height=\"150\" data-src=\"https:\/\/mundohalloween.com\/wp-content\/uploads\/2025\/01\/cupcake-de-fantasma-para-halloween-150x150.jpg\" class=\"attachment-thumbnail size-thumbnail wp-post-image lazyload\" alt=\"cupcake de fantasma para halloween\" style=\"--smush-placeholder-width: 150px; --smush-placeholder-aspect-ratio: 150\/150;max-width:150px;max-height:150px;\" data-srcset=\"https:\/\/mundohalloween.com\/wp-content\/uploads\/2025\/01\/cupcake-de-fantasma-para-halloween-150x150.jpg 150w, https:\/\/mundohalloween.com\/wp-content\/uploads\/2025\/01\/cupcake-de-fantasma-para-halloween-300x300.jpg 300w, https:\/\/mundohalloween.com\/wp-content\/uploads\/2025\/01\/cupcake-de-fantasma-para-halloween-768x768.jpg 768w, https:\/\/mundohalloween.com\/wp-content\/uploads\/2025\/01\/cupcake-de-fantasma-para-halloween.jpg 850w\" data-sizes=\"auto, (max-width: 150px) 100vw, 150px\" decoding=\"async\" src=\"data:image\/svg+xml;base64,PHN2ZyB3aWR0aD0iMSIgaGVpZ2h0PSIxIiB4bWxucz0iaHR0cDovL3d3dy53My5vcmcvMjAwMC9zdmciPjwvc3ZnPg==\" \/><\/a><\/div><a class=\"wp-block-latest-posts__post-title\" href=\"https:\/\/mundohalloween.com\/en\/recetas\/magdalenas\/magdalena-fantasma\/\">Cupcakes Fantasma para Halloween: \u00a1Terror\u00edficamente Deliciosos!<\/a><\/li>\n<li><div class=\"wp-block-latest-posts__featured-image alignleft\"><a href=\"https:\/\/mundohalloween.com\/en\/recetas\/magdalenas\/magdalena-momia\/\" aria-label=\"Cupcakes Momia: \u00a1El toque adorable y dulce para Halloween!\"><img width=\"150\" height=\"150\" data-src=\"https:\/\/mundohalloween.com\/wp-content\/uploads\/2025\/01\/cupcake-de-momia-para-halloween-150x150.jpg\" class=\"attachment-thumbnail size-thumbnail wp-post-image lazyload\" alt=\"cupcake de momia para halloween\" style=\"--smush-placeholder-width: 150px; --smush-placeholder-aspect-ratio: 150\/150;max-width:150px;max-height:150px;\" data-srcset=\"https:\/\/mundohalloween.com\/wp-content\/uploads\/2025\/01\/cupcake-de-momia-para-halloween-150x150.jpg 150w, https:\/\/mundohalloween.com\/wp-content\/uploads\/2025\/01\/cupcake-de-momia-para-halloween-300x300.jpg 300w, https:\/\/mundohalloween.com\/wp-content\/uploads\/2025\/01\/cupcake-de-momia-para-halloween-768x768.jpg 768w, https:\/\/mundohalloween.com\/wp-content\/uploads\/2025\/01\/cupcake-de-momia-para-halloween.jpg 850w\" data-sizes=\"auto, (max-width: 150px) 100vw, 150px\" decoding=\"async\" src=\"data:image\/svg+xml;base64,PHN2ZyB3aWR0aD0iMSIgaGVpZ2h0PSIxIiB4bWxucz0iaHR0cDovL3d3dy53My5vcmcvMjAwMC9zdmciPjwvc3ZnPg==\" \/><\/a><\/div><a class=\"wp-block-latest-posts__post-title\" href=\"https:\/\/mundohalloween.com\/en\/recetas\/magdalenas\/magdalena-momia\/\">Cupcakes Momia: \u00a1El toque adorable y dulce para Halloween!<\/a><\/li>\n<li><div class=\"wp-block-latest-posts__featured-image alignleft\"><a href=\"https:\/\/mundohalloween.com\/en\/recetas\/tarta\/tarta-sin-horno\/\" aria-label=\"Tarta de Halloween Sin Horno\"><img width=\"150\" height=\"150\" data-src=\"https:\/\/mundohalloween.com\/wp-content\/uploads\/2025\/01\/tarta-sin-horno-para-Halloween-150x150.jpg\" class=\"attachment-thumbnail size-thumbnail wp-post-image lazyload\" alt=\"tarta sin horno para Halloween\" style=\"--smush-placeholder-width: 150px; --smush-placeholder-aspect-ratio: 150\/150;max-width:150px;max-height:150px;\" data-srcset=\"https:\/\/mundohalloween.com\/wp-content\/uploads\/2025\/01\/tarta-sin-horno-para-Halloween-150x150.jpg 150w, https:\/\/mundohalloween.com\/wp-content\/uploads\/2025\/01\/tarta-sin-horno-para-Halloween-300x300.jpg 300w, https:\/\/mundohalloween.com\/wp-content\/uploads\/2025\/01\/tarta-sin-horno-para-Halloween-768x768.jpg 768w, https:\/\/mundohalloween.com\/wp-content\/uploads\/2025\/01\/tarta-sin-horno-para-Halloween.jpg 850w\" data-sizes=\"auto, (max-width: 150px) 100vw, 150px\" decoding=\"async\" src=\"data:image\/svg+xml;base64,PHN2ZyB3aWR0aD0iMSIgaGVpZ2h0PSIxIiB4bWxucz0iaHR0cDovL3d3dy53My5vcmcvMjAwMC9zdmciPjwvc3ZnPg==\" \/><\/a><\/div><a class=\"wp-block-latest-posts__post-title\" href=\"https:\/\/mundohalloween.com\/en\/recetas\/tarta\/tarta-sin-horno\/\">Tarta de Halloween Sin Horno<\/a><\/li>\n<li><div class=\"wp-block-latest-posts__featured-image alignleft\"><a href=\"https:\/\/mundohalloween.com\/en\/recetas\/galleta\/galletas-esqueleto\/\" aria-label=\"Galletas de Esqueleto para Halloween\"><img width=\"150\" height=\"150\" data-src=\"https:\/\/mundohalloween.com\/wp-content\/uploads\/2025\/01\/galletas-de-esqueleto-para-halloween-150x150.jpg\" class=\"attachment-thumbnail size-thumbnail wp-post-image lazyload\" alt=\"galletas de esqueleto para halloween\" style=\"--smush-placeholder-width: 150px; --smush-placeholder-aspect-ratio: 150\/150;max-width:150px;max-height:150px;\" data-srcset=\"https:\/\/mundohalloween.com\/wp-content\/uploads\/2025\/01\/galletas-de-esqueleto-para-halloween-150x150.jpg 150w, https:\/\/mundohalloween.com\/wp-content\/uploads\/2025\/01\/galletas-de-esqueleto-para-halloween-300x300.jpg 300w, https:\/\/mundohalloween.com\/wp-content\/uploads\/2025\/01\/galletas-de-esqueleto-para-halloween-768x768.jpg 768w, https:\/\/mundohalloween.com\/wp-content\/uploads\/2025\/01\/galletas-de-esqueleto-para-halloween.jpg 850w\" data-sizes=\"auto, (max-width: 150px) 100vw, 150px\" decoding=\"async\" src=\"data:image\/svg+xml;base64,PHN2ZyB3aWR0aD0iMSIgaGVpZ2h0PSIxIiB4bWxucz0iaHR0cDovL3d3dy53My5vcmcvMjAwMC9zdmciPjwvc3ZnPg==\" \/><\/a><\/div><a class=\"wp-block-latest-posts__post-title\" href=\"https:\/\/mundohalloween.com\/en\/recetas\/galleta\/galletas-esqueleto\/\">Galletas de Esqueleto para Halloween<\/a><\/li>\n<\/ul>\n\n\n<div style=\"height:70px\" aria-hidden=\"true\" class=\"wp-block-spacer\"><\/div>\n\n\n\n<p><\/p>","protected":false},"excerpt":{"rendered":"<p>Aqu\u00ed encontrar\u00e1s las recetas m\u00e1s deliciosas, espeluznantes y creativas para sorprender a todos, desde los m\u00e1s peque\u00f1os hasta<\/p>","protected":false},"author":1,"featured_media":0,"parent":0,"menu_order":0,"comment_status":"closed","ping_status":"closed","template":"","meta":{"footnotes":""},"class_list":["post-11","page","type-page","status-publish","hentry"],"_links":{"self":[{"href":"https:\/\/mundohalloween.com\/en\/wp-json\/wp\/v2\/pages\/11","targetHints":{"allow":["GET"]}}],"collection":[{"href":"https:\/\/mundohalloween.com\/en\/wp-json\/wp\/v2\/pages"}],"about":[{"href":"https:\/\/mundohalloween.com\/en\/wp-json\/wp\/v2\/types\/page"}],"author":[{"embeddable":true,"href":"https:\/\/mundohalloween.com\/en\/wp-json\/wp\/v2\/users\/1"}],"replies":[{"embeddable":true,"href":"https:\/\/mundohalloween.com\/en\/wp-json\/wp\/v2\/comments?post=11"}],"version-history":[{"count":11,"href":"https:\/\/mundohalloween.com\/en\/wp-json\/wp\/v2\/pages\/11\/revisions"}],"predecessor-version":[{"id":646,"href":"https:\/\/mundohalloween.com\/en\/wp-json\/wp\/v2\/pages\/11\/revisions\/646"}],"wp:attachment":[{"href":"https:\/\/mundohalloween.com\/en\/wp-json\/wp\/v2\/media?parent=11"}],"curies":[{"name":"wp","href":"https:\/\/api.w.org\/{rel}","templated":true}]}}